{"id":874,"date":"2024-11-24T10:33:41","date_gmt":"2024-11-24T01:33:41","guid":{"rendered":"https:\/\/kyotoimc.com\/?page_id=874"},"modified":"2026-04-09T21:49:56","modified_gmt":"2026-04-09T12:49:56","slug":"%e3%82%b9%e3%82%b1%e3%82%b8%e3%83%a5%e3%83%bc%e3%83%ab","status":"publish","type":"page","link":"https:\/\/kyotoimc.com\/?page_id=874","title":{"rendered":"\u30b9\u30b1\u30b8\u30e5\u30fc\u30eb"},"content":{"rendered":"\n<div style=\"height:12px\" aria-hidden=\"true\" class=\"wp-block-spacer\"><\/div>\n\n\n\n<p class=\"has-text-align-center has-large-font-size\"><strong>\u30b9\u30b1\u30b8\u30e5\u30fc\u30eb<\/strong><br>Schedule<\/p>\n\n\n\n<div style=\"height:9px\" aria-hidden=\"true\" class=\"wp-block-spacer\"><\/div>\n\n\n\n<p class=\"has-text-align-center\" style=\"font-size:clamp(0.875rem, 0.875rem + ((1vw - 0.2rem) * 0.708), 1.3rem);\">\u300c<strong>\u7b2c8\u56de\u4eac\u90fd\u56fd\u969b\u97f3\u697d\u30b3\u30f3\u30af\u30fc\u30eb<\/strong>\u300d<br>\u300c<strong>\u7b2c8\u56de\u4eac\u90fd\u56fd\u969b\u97f3\u697d\u796d<\/strong>\u300d<strong>\u30b9\u30b1\u30b8\u30e5\u30fc\u30eb<\/strong><\/p>\n\n\n\n<p class=\"has-text-align-center\" style=\"font-size:0.8rem\">\uff08\u672c\u9078\u30b9\u30b1\u30b8\u30e5\u30fc\u30eb\u306f\uff12\uff10\uff12\uff16\u5e74\uff17\u6708\u4e2d\u65ec\u63b2\u8f09\uff09<\/p>\n\n\n\n<p><\/p>\n\n\n\n<p>\u958b\u50ac\u4f1a\u5834\uff1a\u6587\u5316\u30d1\u30eb\u30af\u57ce\u967d\u3000 \u3075\u308c\u3042\u3044\u30db\u30fc\u30eb \/ \u30d7\u30e9\u30e0\u30db\u30fc\u30eb<\/p>\n\n\n\n<p>\u30b3\u30f3\u30af\u30fc\u30eb\u306e\u6f14\u594f\u9806\u306f\u5404\u90e8\u306e\u6c0f\u540d\u306e\u30a2\u30eb\u30d5\u30a1\u30d9\u30c3\u30c8\u9806\uff08\uff21\uff5e\uff3a\uff09\u306b\u306a\u308a\u307e\u3059\u3002\u6642\u9593\u306e\u4f59\u88d5\u3092\u6301\u3063\u3066\u3054\u6765\u5834\u4e0b\u3055\u3044\u3002\u5404\u90e8\u306e\u91d1\u30fb\u9280\u30fb\u9285\u5165\u8cde\u8005\u306f\u300c\u5165\u8cde\u8005\u30b3\u30f3\u30b5\u30fc\u30c8\u300d\u306b\u51fa\u6f14\u3059\u308b\u3053\u3068\u3002\u300c\u958b\u4f1a\u5f0f\u30fb\u8868\u5f70\u5f0f\u300d\u53ca\u3073\u300c<a href=\"https:\/\/kyotoimc.com\/?page_id=1265\">\u30d4\u30a2\u30ce\u5354\u594f\u66f2\u30b3\u30f3\u30b5\u30fc\u30c8<\/a>\u300d\u7a4d\u6975\u7684\u306e\u3054\u53c2\u52a0\u3092\u304a\u9858\u3044\u81f4\u3057\u307e\u3059\u3002<\/p>\n\n\n\n<p class=\"has-small-font-size\"><strong>\u4e88\u9078<\/strong><br>\u7533\u8fbc\u671f\u9593\uff1a2026\u5e744\u67081\u65e5\uff5e7\u67081\u65e5<\/p>\n\n\n\n<p class=\"has-small-font-size\"><strong>\u672c\u9078\u53ca\u3073\u97f3\u697d\u796d<\/strong><br>\u671f\u9593\uff1a2026\u5e748\u6708\uff14\u65e5\uff5e\uff17\u65e5\uff08\u8a73\u7d30\u306f\uff17\u6708\u4e0a\u65ec\u30db\u30fc\u30e0\u30da\u30fc\u30b8\u306b\u63b2\u8f09\u3057\u307e\u3059\uff09<br>\u4f1a\u5834\uff1a\u6587\u5316\u30d1\u30eb\u30af\u57ce\u967d<\/p>\n\n\n\n<div class=\"wp-block-buttons is-layout-flex wp-block-buttons-is-layout-flex\">\n<div class=\"wp-block-button\"><a class=\"wp-block-button__link wp-element-button\" href=\"https:\/\/kyotoimc.com\/script\/mailform\/kyotoimc\/\">\u7533\u8fbc\u30d5\u30a9\u30fc\u30e0<\/a><\/div>\n<\/div>\n\n\n\n<p class=\"has-small-font-size\">\u4eac\u90fd\u56fd\u969b\u97f3\u697d\u30b3\u30f3\u30af\u30fc\u30eb\u5b9f\u884c\u59d4\u54e1\u4f1a\u4e8b\u52d9\u5c40<br><a href=\"mailto:kyotoimcinfo@gmail.com\">kyotoimcinfo@gmail.com<\/a><\/p>\n\n\n\n<hr class=\"wp-block-separator has-alpha-channel-opacity\"\/>\n\n\n\n<p class=\"has-text-align-center has-system-serif-font-family has-medium-font-size\"><strong>\u300c\u7b2c\uff18\u5c4a\u4eac\u90fd\u56fd\u9645\u97f3\u4e50\u6bd4\u8d5b\u300d<br>\u300c\u7b2c\uff18\u5c4a\u4eac\u90fd\u56fd\u9645\u97f3\u4e50\u8282\u300d<\/strong><br><strong>\u65e5\u3000\u7a0b<\/strong><\/p>\n\n\n\n<p class=\"has-system-serif-font-family has-small-font-size\"><strong>\u521d\u8d5b<br><\/strong>\u62a5\u540d\u671f\u95f4\uff1a 2026\u5e744\u67081\u65e5\uff5e7\u67081\u65e5\u3000<\/p>\n\n\n\n<p class=\"has-system-serif-font-family has-small-font-size\"><strong>\u51b3\u8d5b\u548c\u97f3\u4e50\u8282<\/strong><br>\u65f6\u95f4\uff1a2026\u5e748\u67084\u65e5\u81f37\u65e5\uff08\u8be6\u60c5\u5c06\u4e8e\uff17\u6708\u4e0a\u65ec\u5728\u5b98\u7f51\u7f51\u7ad9\u4e0a\u516c\u5e03\uff09<br>\u5730\u70b9\uff1a\u57ce\u9633\u6587\u5316\u516c\u56ed<\/p>\n\n\n\n<div class=\"wp-block-buttons is-layout-flex wp-block-buttons-is-layout-flex\">\n<div class=\"wp-block-button\"><a class=\"wp-block-button__link wp-element-button\" href=\"https:\/\/kyotoimc.com\/script\/mailform\/kyotoimc\/\">\u62a5 \u540d \u8868<\/a><\/div>\n<\/div>\n\n\n\n<p class=\"has-system-serif-font-family\">\u65e5\u672c\u300c\u4eac\u90fd\u570b\u969b\u97f3\u6a02\u6bd4\u8cfd\u300d\u7d44\u59d4\u6703 \u4e8b\u52d9\u7e02\u5c40<br><a href=\"mailto:kyotoimcinfo@gmail.com\">kyotoimcinfo@gmail.com<\/a><br>\u65e5\u672c\u300c\u4eac\u90fd\u570b\u969b\u97f3\u6a02\u7bc0\u300d\u7d44\u59d4\u6703 \u4e8b\u52d9\u7e02\u5c40<br><a href=\"mailto:kyotoimcinfo@gmail.com\">kyotoimcinfo@gmail.com<\/a><\/p>\n\n\n\n<hr class=\"wp-block-separator has-alpha-channel-opacity\"\/>\n\n\n\n<p class=\"has-text-align-center\"><strong>Le 8\u00e8me Concour International de <\/strong><br><strong>Musique de Kyoto<br>Le 8\u00e8me Festival International de <\/strong><br><strong>Musique de Kyoto<\/strong><br><strong>Calendrier<\/strong><\/p>\n\n\n\n<p><strong>P\u00e9riode de candidature pr\u00e9liminaire :<\/strong><br><strong>01\/04\/2026 ~ 01\/07\/2026<br>Finale et festival de musique : <\/strong><br><strong>04~07\/08\/2026<\/strong><br><br><strong>Kyoto Japan Joyo City Cultural Center<\/strong><\/p>\n\n\n\n<div class=\"wp-block-buttons is-layout-flex wp-block-buttons-is-layout-flex\">\n<div class=\"wp-block-button\"><a class=\"wp-block-button__link wp-element-button\" href=\"https:\/\/kyotoimc.com\/script\/mailform\/kyotoimc\/\">application<\/a><\/div>\n<\/div>\n\n\n\n<p>Secr\u00e9tariat du Comit\u00e9 ex\u00e9cutif du Concour international de musique de Kyoto\u3000<a href=\"mailto:kyotoimcinfo@gmail.com\">kyotoimcinfo@gmail.com<\/a><br>Secr\u00e9tariat du comit\u00e9 ex\u00e9cutif du Festival international de musique de Kyoto\u3000<a href=\"mailto:kyotoimcinfo@gmail.com\">kyotoimcinfo@gmail.com<\/a><\/p>\n\n\n\n<hr class=\"wp-block-separator has-alpha-channel-opacity\"\/>\n\n\n\n<p class=\"has-text-align-center\"><strong>The 8th Kyoto International <\/strong><br><strong>Music Competition<br>The 8th Kyoto International <\/strong><br><strong>Music Festival<\/strong><br><strong>Schedule<\/strong><\/p>\n\n\n\n<p><strong>Preliminary application period: 1\/4\/2026 ~ 1\/7\/2026<br>Finals and Music Festival: 4~7\/8\/2026<\/strong><br><strong>Kyoto Japan Joyo City Cultural Center<\/strong><\/p>\n\n\n\n<div class=\"wp-block-buttons is-layout-flex wp-block-buttons-is-layout-flex\">\n<div class=\"wp-block-button\"><a class=\"wp-block-button__link wp-element-button\" href=\"https:\/\/kyotoimc.com\/script\/mailform\/kyotoimc\/\">application<\/a><\/div>\n<\/div>\n\n\n\n<p>Executive Committee Secretariat of the \u00abKyoto International Music Competition\u00bb\u3000<a href=\"mailto:kyotoimcinfo@gmail.com\">kyotoimcinfo@gmail.com<\/a><br>Executive Committee Secretariat of the \u00abKyoto International Music Festival\u00bb\u3000<a href=\"mailto:kyotoimcinfo@gmail.com\">kyotoimcinfo@gmail.com<\/a><\/p>\n\n\n\n<p><\/p>\n","protected":false},"excerpt":{"rendered":"<p>\u30b9\u30b1\u30b8\u30e5\u30fc\u30ebSchedule \u300c\u7b2c8\u56de\u4eac\u90fd\u56fd\u969b\u97f3\u697d\u30b3\u30f3\u30af\u30fc\u30eb\u300d\u300c\u7b2c8\u56de\u4eac\u90fd\u56fd\u969b\u97f3\u697d\u796d\u300d\u30b9\u30b1\u30b8\u30e5\u30fc\u30eb \uff08\u672c\u9078\u30b9\u30b1\u30b8\u30e5\u30fc\u30eb\u306f\uff12\uff10\uff12\uff16\u5e74\uff17\u6708\u4e2d\u65ec\u63b2\u8f09\uff09 \u958b\u50ac\u4f1a\u5834\uff1a\u6587\u5316\u30d1\u30eb\u30af\u57ce\u967d\u3000 \u3075\u308c\u3042\u3044\u30db\u30fc\u30eb \/ \u30d7\u30e9\u30e0\u30db\u30fc\u30eb \u30b3\u30f3\u30af\u30fc\u30eb\u306e [&hellip;]<\/p>\n","protected":false},"author":1,"featured_media":1138,"parent":0,"menu_order":0,"comment_status":"closed","ping_status":"closed","template":"","meta":{"footnotes":""},"class_list":["post-874","page","type-page","status-publish","has-post-thumbnail","hentry"],"_links":{"self":[{"href":"https:\/\/kyotoimc.com\/index.php?rest_route=\/wp\/v2\/pages\/874","targetHints":{"allow":["GET"]}}],"collection":[{"href":"https:\/\/kyotoimc.com\/index.php?rest_route=\/wp\/v2\/pages"}],"about":[{"href":"https:\/\/kyotoimc.com\/index.php?rest_route=\/wp\/v2\/types\/page"}],"author":[{"embeddable":true,"href":"https:\/\/kyotoimc.com\/index.php?rest_route=\/wp\/v2\/users\/1"}],"replies":[{"embeddable":true,"href":"https:\/\/kyotoimc.com\/index.php?rest_route=%2Fwp%2Fv2%2Fcomments&post=874"}],"version-history":[{"count":34,"href":"https:\/\/kyotoimc.com\/index.php?rest_route=\/wp\/v2\/pages\/874\/revisions"}],"predecessor-version":[{"id":1508,"href":"https:\/\/kyotoimc.com\/index.php?rest_route=\/wp\/v2\/pages\/874\/revisions\/1508"}],"wp:featuredmedia":[{"embeddable":true,"href":"https:\/\/kyotoimc.com\/index.php?rest_route=\/wp\/v2\/media\/1138"}],"wp:attachment":[{"href":"https:\/\/kyotoimc.com\/index.php?rest_route=%2Fwp%2Fv2%2Fmedia&parent=874"}],"curies":[{"name":"wp","href":"https:\/\/api.w.org\/{rel}","templated":true}]}}